{"id":134,"date":"2021-01-14T19:54:36","date_gmt":"2021-01-14T19:54:36","guid":{"rendered":"http:\/\/www.danmarksgade.dk\/?page_id=134"},"modified":"2021-02-03T15:06:49","modified_gmt":"2021-02-03T15:06:49","slug":"golf-traening","status":"publish","type":"page","link":"http:\/\/www.danmarksgade.dk\/index.php\/golf-traening\/","title":{"rendered":"Golf tr\u00e6ning"},"content":{"rendered":"\n<p>Her vil jeg vise lidt om hvordan jeg kommer i gang med golfen.<\/p>\n\n\n\n<p>Denne putting tr\u00e6ningsbane, som jeg fik af min kone i julegave, har jeg meget stor gl\u00e6de af og er sikker p\u00e5 at den er en god hj\u00e6lp, p\u00e5 vejen hen til at blive en habil golfspiller.<\/p>\n\n\n\n<figure class=\"wp-block-video\"><video controls src=\"http:\/\/www.danmarksgade.dk\/wp-content\/uploads\/2021\/02\/Golf-putting.mp4\"><\/video><\/figure>\n","protected":false},"excerpt":{"rendered":"<p>Her vil jeg vise lidt om hvordan jeg kommer i gang med golfen. Denne putting tr\u00e6ningsbane, som jeg fik af min kone i julegave, har jeg meget stor gl\u00e6de af&hellip;<\/p>\n","protected":false},"author":1,"featured_media":0,"parent":0,"menu_order":0,"comment_status":"closed","ping_status":"closed","template":"","meta":{"footnotes":""},"class_list":["post-134","page","type-page","status-publish","hentry"],"yoast_head":"<!-- This site is optimized with the Yoast SEO plugin v24.9 - https:\/\/yoast.com\/wordpress\/plugins\/seo\/ -->\n<title>Golf tr\u00e6ning - Danmarksgade<\/title>\n<meta name=\"robots\" content=\"index, follow, max-snippet:-1, max-image-preview:large, max-video-preview:-1\" \/>\n<link rel=\"canonical\" href=\"http:\/\/www.danmarksgade.dk\/index.php\/golf-traening\/\" \/>\n<meta property=\"og:locale\" content=\"da_DK\" \/>\n<meta property=\"og:type\" content=\"article\" \/>\n<meta property=\"og:title\" content=\"Golf tr\u00e6ning - Danmarksgade\" \/>\n<meta property=\"og:description\" content=\"Her vil jeg vise lidt om hvordan jeg kommer i gang med golfen. Denne putting tr\u00e6ningsbane, som jeg fik af min kone i julegave, har jeg meget stor gl\u00e6de af&hellip;\" \/>\n<meta property=\"og:url\" content=\"http:\/\/www.danmarksgade.dk\/index.php\/golf-traening\/\" \/>\n<meta property=\"og:site_name\" content=\"Danmarksgade\" \/>\n<meta property=\"article:modified_time\" content=\"2021-02-03T15:06:49+00:00\" \/>\n<meta name=\"twitter:card\" content=\"summary_large_image\" \/>\n<meta name=\"twitter:label1\" content=\"Estimeret l\u00e6setid\" \/>\n\t<meta name=\"twitter:data1\" content=\"1 minut\" \/>\n<script type=\"application\/ld+json\" class=\"yoast-schema-graph\">{\"@context\":\"https:\/\/schema.org\",\"@graph\":[{\"@type\":\"WebPage\",\"@id\":\"http:\/\/www.danmarksgade.dk\/index.php\/golf-traening\/\",\"url\":\"http:\/\/www.danmarksgade.dk\/index.php\/golf-traening\/\",\"name\":\"Golf tr\u00e6ning - Danmarksgade\",\"isPartOf\":{\"@id\":\"http:\/\/www.danmarksgade.dk\/#website\"},\"datePublished\":\"2021-01-14T19:54:36+00:00\",\"dateModified\":\"2021-02-03T15:06:49+00:00\",\"breadcrumb\":{\"@id\":\"http:\/\/www.danmarksgade.dk\/index.php\/golf-traening\/#breadcrumb\"},\"inLanguage\":\"da-DK\",\"potentialAction\":[{\"@type\":\"ReadAction\",\"target\":[\"http:\/\/www.danmarksgade.dk\/index.php\/golf-traening\/\"]}]},{\"@type\":\"BreadcrumbList\",\"@id\":\"http:\/\/www.danmarksgade.dk\/index.php\/golf-traening\/#breadcrumb\",\"itemListElement\":[{\"@type\":\"ListItem\",\"position\":1,\"name\":\"Hjem\",\"item\":\"http:\/\/www.danmarksgade.dk\/\"},{\"@type\":\"ListItem\",\"position\":2,\"name\":\"Golf tr\u00e6ning\"}]},{\"@type\":\"WebSite\",\"@id\":\"http:\/\/www.danmarksgade.dk\/#website\",\"url\":\"http:\/\/www.danmarksgade.dk\/\",\"name\":\"Danmarksgade\",\"description\":\"\",\"potentialAction\":[{\"@type\":\"SearchAction\",\"target\":{\"@type\":\"EntryPoint\",\"urlTemplate\":\"http:\/\/www.danmarksgade.dk\/?s={search_term_string}\"},\"query-input\":{\"@type\":\"PropertyValueSpecification\",\"valueRequired\":true,\"valueName\":\"search_term_string\"}}],\"inLanguage\":\"da-DK\"}]}<\/script>\n<!-- \/ Yoast SEO plugin. -->","yoast_head_json":{"title":"Golf tr\u00e6ning - Danmarksgade","robots":{"index":"index","follow":"follow","max-snippet":"max-snippet:-1","max-image-preview":"max-image-preview:large","max-video-preview":"max-video-preview:-1"},"canonical":"http:\/\/www.danmarksgade.dk\/index.php\/golf-traening\/","og_locale":"da_DK","og_type":"article","og_title":"Golf tr\u00e6ning - Danmarksgade","og_description":"Her vil jeg vise lidt om hvordan jeg kommer i gang med golfen. Denne putting tr\u00e6ningsbane, som jeg fik af min kone i julegave, har jeg meget stor gl\u00e6de af&hellip;","og_url":"http:\/\/www.danmarksgade.dk\/index.php\/golf-traening\/","og_site_name":"Danmarksgade","article_modified_time":"2021-02-03T15:06:49+00:00","twitter_card":"summary_large_image","twitter_misc":{"Estimeret l\u00e6setid":"1 minut"},"schema":{"@context":"https:\/\/schema.org","@graph":[{"@type":"WebPage","@id":"http:\/\/www.danmarksgade.dk\/index.php\/golf-traening\/","url":"http:\/\/www.danmarksgade.dk\/index.php\/golf-traening\/","name":"Golf tr\u00e6ning - Danmarksgade","isPartOf":{"@id":"http:\/\/www.danmarksgade.dk\/#website"},"datePublished":"2021-01-14T19:54:36+00:00","dateModified":"2021-02-03T15:06:49+00:00","breadcrumb":{"@id":"http:\/\/www.danmarksgade.dk\/index.php\/golf-traening\/#breadcrumb"},"inLanguage":"da-DK","potentialAction":[{"@type":"ReadAction","target":["http:\/\/www.danmarksgade.dk\/index.php\/golf-traening\/"]}]},{"@type":"BreadcrumbList","@id":"http:\/\/www.danmarksgade.dk\/index.php\/golf-traening\/#breadcrumb","itemListElement":[{"@type":"ListItem","position":1,"name":"Hjem","item":"http:\/\/www.danmarksgade.dk\/"},{"@type":"ListItem","position":2,"name":"Golf tr\u00e6ning"}]},{"@type":"WebSite","@id":"http:\/\/www.danmarksgade.dk\/#website","url":"http:\/\/www.danmarksgade.dk\/","name":"Danmarksgade","description":"","potentialAction":[{"@type":"SearchAction","target":{"@type":"EntryPoint","urlTemplate":"http:\/\/www.danmarksgade.dk\/?s={search_term_string}"},"query-input":{"@type":"PropertyValueSpecification","valueRequired":true,"valueName":"search_term_string"}}],"inLanguage":"da-DK"}]}},"_links":{"self":[{"href":"http:\/\/www.danmarksgade.dk\/index.php\/wp-json\/wp\/v2\/pages\/134","targetHints":{"allow":["GET"]}}],"collection":[{"href":"http:\/\/www.danmarksgade.dk\/index.php\/wp-json\/wp\/v2\/pages"}],"about":[{"href":"http:\/\/www.danmarksgade.dk\/index.php\/wp-json\/wp\/v2\/types\/page"}],"author":[{"embeddable":true,"href":"http:\/\/www.danmarksgade.dk\/index.php\/wp-json\/wp\/v2\/users\/1"}],"replies":[{"embeddable":true,"href":"http:\/\/www.danmarksgade.dk\/index.php\/wp-json\/wp\/v2\/comments?post=134"}],"version-history":[{"count":3,"href":"http:\/\/www.danmarksgade.dk\/index.php\/wp-json\/wp\/v2\/pages\/134\/revisions"}],"predecessor-version":[{"id":160,"href":"http:\/\/www.danmarksgade.dk\/index.php\/wp-json\/wp\/v2\/pages\/134\/revisions\/160"}],"wp:attachment":[{"href":"http:\/\/www.danmarksgade.dk\/index.php\/wp-json\/wp\/v2\/media?parent=134"}],"curies":[{"name":"wp","href":"https:\/\/api.w.org\/{rel}","templated":true}]}}