{"id":48,"date":"2021-01-08T21:45:00","date_gmt":"2021-01-08T21:45:00","guid":{"rendered":"http:\/\/www.danmarksgade.dk\/?page_id=48"},"modified":"2021-01-14T20:26:12","modified_gmt":"2021-01-14T20:26:12","slug":"golf","status":"publish","type":"page","link":"https:\/\/www.danmarksgade.dk\/index.php\/golf\/","title":{"rendered":"Golf oplevelser"},"content":{"rendered":"\n<p>I denne del af gaden, vil jeg underholde om min debut og kommende karriere som golfspiller.<br>Jeg vil optage og dele video klip, samt fort\u00e6lle om mine oplevelser som golfspiller.<br><\/p>\n\n\n\n<p>Jeg har i mange \u00e5r, totalt forn\u00e6gtet golfspillet og ment dette kun var for gamle mennesker, der ikke l\u00e6ngere kunne spille fodbold og tennis, dette mener jeg s\u00e5dan set stadig. <br>Jeg m\u00e5 s\u00e5 erkende at jeg \u00e5benbart ogs\u00e5 et n\u00e5et dertil  i mit liv. Ikke fordi jeg er holdt op med fodbolden eller tennissen, m\u00e5 bare acceptere at kroppen kr\u00e6ver min. 14 dages restituering efter en mindre fodboldkamp. <br>Og hvad skal man s\u00e5 lave i restitutions perioden? Spille Golf \ud83d\ude42<\/p>\n\n\n\n<figure class=\"wp-block-image size-large\"><img loading=\"lazy\" decoding=\"async\" width=\"1024\" height=\"576\" src=\"http:\/\/www.danmarksgade.dk\/wp-content\/uploads\/2021\/01\/IMG_20160903_162847-1024x576.jpg\" alt=\"\" class=\"wp-image-51\" srcset=\"https:\/\/www.danmarksgade.dk\/wp-content\/uploads\/2021\/01\/IMG_20160903_162847-1024x576.jpg 1024w, https:\/\/www.danmarksgade.dk\/wp-content\/uploads\/2021\/01\/IMG_20160903_162847-300x169.jpg 300w, https:\/\/www.danmarksgade.dk\/wp-content\/uploads\/2021\/01\/IMG_20160903_162847-768x432.jpg 768w, https:\/\/www.danmarksgade.dk\/wp-content\/uploads\/2021\/01\/IMG_20160903_162847-1536x863.jpg 1536w, https:\/\/www.danmarksgade.dk\/wp-content\/uploads\/2021\/01\/IMG_20160903_162847-2048x1151.jpg 2048w, https:\/\/www.danmarksgade.dk\/wp-content\/uploads\/2021\/01\/IMG_20160903_162847-1568x881.jpg 1568w\" sizes=\"auto, (max-width: 1024px) 100vw, 1024px\" \/><figcaption>S\u00e5 skal vi bare finde bolden<\/figcaption><\/figure>\n\n\n\n<p><\/p>\n\n\n\n<div class=\"wp-block-buttons is-layout-flex wp-block-buttons-is-layout-flex\">\n<div class=\"wp-block-button\"><a class=\"wp-block-button__link\" href=\"http:\/\/www.danmarksgade.dk\/index.php\/golf\/golf-traening\/\" rel=\"\">Golf tr\u00e6ning<\/a><\/div>\n<\/div>\n\n\n\n<p><\/p>\n","protected":false},"excerpt":{"rendered":"<p>I denne del af gaden, vil jeg underholde om min debut og kommende karriere som golfspiller.Jeg vil optage og dele video klip, samt fort\u00e6lle om mine oplevelser som golfspiller. Jeg&hellip;<\/p>\n","protected":false},"author":1,"featured_media":0,"parent":0,"menu_order":0,"comment_status":"closed","ping_status":"closed","template":"","meta":{"footnotes":""},"class_list":["post-48","page","type-page","status-publish","hentry"],"yoast_head":"<!-- This site is optimized with the Yoast SEO plugin v24.9 - https:\/\/yoast.com\/wordpress\/plugins\/seo\/ -->\n<title>Golf oplevelser - Danmarksgade<\/title>\n<meta name=\"robots\" content=\"index, follow, max-snippet:-1, max-image-preview:large, max-video-preview:-1\" \/>\n<link rel=\"canonical\" href=\"http:\/\/www.danmarksgade.dk\/index.php\/golf\/\" \/>\n<meta property=\"og:locale\" content=\"da_DK\" \/>\n<meta property=\"og:type\" content=\"article\" \/>\n<meta property=\"og:title\" content=\"Golf oplevelser - Danmarksgade\" \/>\n<meta property=\"og:description\" content=\"I denne del af gaden, vil jeg underholde om min debut og kommende karriere som golfspiller.Jeg vil optage og dele video klip, samt fort\u00e6lle om mine oplevelser som golfspiller. Jeg&hellip;\" \/>\n<meta property=\"og:url\" content=\"http:\/\/www.danmarksgade.dk\/index.php\/golf\/\" \/>\n<meta property=\"og:site_name\" content=\"Danmarksgade\" \/>\n<meta property=\"article:modified_time\" content=\"2021-01-14T20:26:12+00:00\" \/>\n<meta property=\"og:image\" content=\"http:\/\/www.danmarksgade.dk\/wp-content\/uploads\/2021\/01\/IMG_20160903_162847-1024x576.jpg\" \/>\n<meta name=\"twitter:card\" content=\"summary_large_image\" \/>\n<meta name=\"twitter:label1\" content=\"Estimeret l\u00e6setid\" \/>\n\t<meta name=\"twitter:data1\" content=\"1 minut\" \/>\n<script type=\"application\/ld+json\" class=\"yoast-schema-graph\">{\"@context\":\"https:\/\/schema.org\",\"@graph\":[{\"@type\":\"WebPage\",\"@id\":\"http:\/\/www.danmarksgade.dk\/index.php\/golf\/\",\"url\":\"http:\/\/www.danmarksgade.dk\/index.php\/golf\/\",\"name\":\"Golf oplevelser - Danmarksgade\",\"isPartOf\":{\"@id\":\"http:\/\/www.danmarksgade.dk\/#website\"},\"primaryImageOfPage\":{\"@id\":\"http:\/\/www.danmarksgade.dk\/index.php\/golf\/#primaryimage\"},\"image\":{\"@id\":\"http:\/\/www.danmarksgade.dk\/index.php\/golf\/#primaryimage\"},\"thumbnailUrl\":\"http:\/\/www.danmarksgade.dk\/wp-content\/uploads\/2021\/01\/IMG_20160903_162847-1024x576.jpg\",\"datePublished\":\"2021-01-08T21:45:00+00:00\",\"dateModified\":\"2021-01-14T20:26:12+00:00\",\"breadcrumb\":{\"@id\":\"http:\/\/www.danmarksgade.dk\/index.php\/golf\/#breadcrumb\"},\"inLanguage\":\"da-DK\",\"potentialAction\":[{\"@type\":\"ReadAction\",\"target\":[\"http:\/\/www.danmarksgade.dk\/index.php\/golf\/\"]}]},{\"@type\":\"ImageObject\",\"inLanguage\":\"da-DK\",\"@id\":\"http:\/\/www.danmarksgade.dk\/index.php\/golf\/#primaryimage\",\"url\":\"http:\/\/www.danmarksgade.dk\/wp-content\/uploads\/2021\/01\/IMG_20160903_162847-1024x576.jpg\",\"contentUrl\":\"http:\/\/www.danmarksgade.dk\/wp-content\/uploads\/2021\/01\/IMG_20160903_162847-1024x576.jpg\"},{\"@type\":\"BreadcrumbList\",\"@id\":\"http:\/\/www.danmarksgade.dk\/index.php\/golf\/#breadcrumb\",\"itemListElement\":[{\"@type\":\"ListItem\",\"position\":1,\"name\":\"Hjem\",\"item\":\"http:\/\/www.danmarksgade.dk\/\"},{\"@type\":\"ListItem\",\"position\":2,\"name\":\"Golf oplevelser\"}]},{\"@type\":\"WebSite\",\"@id\":\"http:\/\/www.danmarksgade.dk\/#website\",\"url\":\"http:\/\/www.danmarksgade.dk\/\",\"name\":\"Danmarksgade\",\"description\":\"\",\"potentialAction\":[{\"@type\":\"SearchAction\",\"target\":{\"@type\":\"EntryPoint\",\"urlTemplate\":\"http:\/\/www.danmarksgade.dk\/?s={search_term_string}\"},\"query-input\":{\"@type\":\"PropertyValueSpecification\",\"valueRequired\":true,\"valueName\":\"search_term_string\"}}],\"inLanguage\":\"da-DK\"}]}<\/script>\n<!-- \/ Yoast SEO plugin. -->","yoast_head_json":{"title":"Golf oplevelser - Danmarksgade","robots":{"index":"index","follow":"follow","max-snippet":"max-snippet:-1","max-image-preview":"max-image-preview:large","max-video-preview":"max-video-preview:-1"},"canonical":"http:\/\/www.danmarksgade.dk\/index.php\/golf\/","og_locale":"da_DK","og_type":"article","og_title":"Golf oplevelser - Danmarksgade","og_description":"I denne del af gaden, vil jeg underholde om min debut og kommende karriere som golfspiller.Jeg vil optage og dele video klip, samt fort\u00e6lle om mine oplevelser som golfspiller. Jeg&hellip;","og_url":"http:\/\/www.danmarksgade.dk\/index.php\/golf\/","og_site_name":"Danmarksgade","article_modified_time":"2021-01-14T20:26:12+00:00","og_image":[{"url":"http:\/\/www.danmarksgade.dk\/wp-content\/uploads\/2021\/01\/IMG_20160903_162847-1024x576.jpg","type":"","width":"","height":""}],"twitter_card":"summary_large_image","twitter_misc":{"Estimeret l\u00e6setid":"1 minut"},"schema":{"@context":"https:\/\/schema.org","@graph":[{"@type":"WebPage","@id":"http:\/\/www.danmarksgade.dk\/index.php\/golf\/","url":"http:\/\/www.danmarksgade.dk\/index.php\/golf\/","name":"Golf oplevelser - Danmarksgade","isPartOf":{"@id":"http:\/\/www.danmarksgade.dk\/#website"},"primaryImageOfPage":{"@id":"http:\/\/www.danmarksgade.dk\/index.php\/golf\/#primaryimage"},"image":{"@id":"http:\/\/www.danmarksgade.dk\/index.php\/golf\/#primaryimage"},"thumbnailUrl":"http:\/\/www.danmarksgade.dk\/wp-content\/uploads\/2021\/01\/IMG_20160903_162847-1024x576.jpg","datePublished":"2021-01-08T21:45:00+00:00","dateModified":"2021-01-14T20:26:12+00:00","breadcrumb":{"@id":"http:\/\/www.danmarksgade.dk\/index.php\/golf\/#breadcrumb"},"inLanguage":"da-DK","potentialAction":[{"@type":"ReadAction","target":["http:\/\/www.danmarksgade.dk\/index.php\/golf\/"]}]},{"@type":"ImageObject","inLanguage":"da-DK","@id":"http:\/\/www.danmarksgade.dk\/index.php\/golf\/#primaryimage","url":"http:\/\/www.danmarksgade.dk\/wp-content\/uploads\/2021\/01\/IMG_20160903_162847-1024x576.jpg","contentUrl":"http:\/\/www.danmarksgade.dk\/wp-content\/uploads\/2021\/01\/IMG_20160903_162847-1024x576.jpg"},{"@type":"BreadcrumbList","@id":"http:\/\/www.danmarksgade.dk\/index.php\/golf\/#breadcrumb","itemListElement":[{"@type":"ListItem","position":1,"name":"Hjem","item":"http:\/\/www.danmarksgade.dk\/"},{"@type":"ListItem","position":2,"name":"Golf oplevelser"}]},{"@type":"WebSite","@id":"http:\/\/www.danmarksgade.dk\/#website","url":"http:\/\/www.danmarksgade.dk\/","name":"Danmarksgade","description":"","potentialAction":[{"@type":"SearchAction","target":{"@type":"EntryPoint","urlTemplate":"http:\/\/www.danmarksgade.dk\/?s={search_term_string}"},"query-input":{"@type":"PropertyValueSpecification","valueRequired":true,"valueName":"search_term_string"}}],"inLanguage":"da-DK"}]}},"_links":{"self":[{"href":"https:\/\/www.danmarksgade.dk\/index.php\/wp-json\/wp\/v2\/pages\/48","targetHints":{"allow":["GET"]}}],"collection":[{"href":"https:\/\/www.danmarksgade.dk\/index.php\/wp-json\/wp\/v2\/pages"}],"about":[{"href":"https:\/\/www.danmarksgade.dk\/index.php\/wp-json\/wp\/v2\/types\/page"}],"author":[{"embeddable":true,"href":"https:\/\/www.danmarksgade.dk\/index.php\/wp-json\/wp\/v2\/users\/1"}],"replies":[{"embeddable":true,"href":"https:\/\/www.danmarksgade.dk\/index.php\/wp-json\/wp\/v2\/comments?post=48"}],"version-history":[{"count":8,"href":"https:\/\/www.danmarksgade.dk\/index.php\/wp-json\/wp\/v2\/pages\/48\/revisions"}],"predecessor-version":[{"id":144,"href":"https:\/\/www.danmarksgade.dk\/index.php\/wp-json\/wp\/v2\/pages\/48\/revisions\/144"}],"wp:attachment":[{"href":"https:\/\/www.danmarksgade.dk\/index.php\/wp-json\/wp\/v2\/media?parent=48"}],"curies":[{"name":"wp","href":"https:\/\/api.w.org\/{rel}","templated":true}]}}