{"id":80,"date":"2021-01-12T12:42:26","date_gmt":"2021-01-12T12:42:26","guid":{"rendered":"http:\/\/www.danmarksgade.dk\/?page_id=80"},"modified":"2021-01-17T10:22:25","modified_gmt":"2021-01-17T10:22:25","slug":"vores-nimbus-2600-og-eksempel-paa-renovering-af-denne","status":"publish","type":"page","link":"https:\/\/www.danmarksgade.dk\/index.php\/vores-nimbus-2600-og-eksempel-paa-renovering-af-denne\/","title":{"rendered":"IP"},"content":{"rendered":"\n<figure class=\"wp-block-image size-large\"><img loading=\"lazy\" decoding=\"async\" width=\"1024\" height=\"768\" src=\"http:\/\/www.danmarksgade.dk\/wp-content\/uploads\/2021\/01\/IMG_20200719_102745-1024x768.jpg\" alt=\"\" class=\"wp-image-82\" srcset=\"https:\/\/www.danmarksgade.dk\/wp-content\/uploads\/2021\/01\/IMG_20200719_102745-1024x768.jpg 1024w, https:\/\/www.danmarksgade.dk\/wp-content\/uploads\/2021\/01\/IMG_20200719_102745-300x225.jpg 300w, https:\/\/www.danmarksgade.dk\/wp-content\/uploads\/2021\/01\/IMG_20200719_102745-768x576.jpg 768w, https:\/\/www.danmarksgade.dk\/wp-content\/uploads\/2021\/01\/IMG_20200719_102745-1536x1152.jpg 1536w, https:\/\/www.danmarksgade.dk\/wp-content\/uploads\/2021\/01\/IMG_20200719_102745-2048x1536.jpg 2048w, https:\/\/www.danmarksgade.dk\/wp-content\/uploads\/2021\/01\/IMG_20200719_102745-140x105.jpg 140w\" sizes=\"auto, (max-width: 1024px) 100vw, 1024px\" \/><figcaption>IP af Esbjerg<\/figcaption><\/figure>\n\n\n\n<p><\/p>\n\n\n\n<p>IP er vores dejlige b\u00e5d, en Nimbus 2600 fra 1985.<\/p>\n\n\n\n<p>Vi har renoveret det meste af b\u00e5den, siden vi k\u00f8bte den i 2018, alt bekl\u00e6dning er skiftet, der er sat nyt oliefyr i, ny septiktank og motoren er blevet hovedrepareret. <\/p>\n\n\n\n<div class=\"wp-block-group\"><div class=\"wp-block-group__inner-container is-layout-flow wp-block-group-is-layout-flow\">\n<div class=\"wp-block-image\"><figure class=\"alignright size-medium is-resized\"><img loading=\"lazy\" decoding=\"async\" src=\"http:\/\/www.danmarksgade.dk\/wp-content\/uploads\/2021\/01\/IMG_20191130_085521-300x225.jpg\" alt=\"\" class=\"wp-image-95\" width=\"293\" height=\"220\" srcset=\"https:\/\/www.danmarksgade.dk\/wp-content\/uploads\/2021\/01\/IMG_20191130_085521-300x225.jpg 300w, https:\/\/www.danmarksgade.dk\/wp-content\/uploads\/2021\/01\/IMG_20191130_085521-1024x768.jpg 1024w, https:\/\/www.danmarksgade.dk\/wp-content\/uploads\/2021\/01\/IMG_20191130_085521-768x576.jpg 768w, https:\/\/www.danmarksgade.dk\/wp-content\/uploads\/2021\/01\/IMG_20191130_085521-1536x1152.jpg 1536w, https:\/\/www.danmarksgade.dk\/wp-content\/uploads\/2021\/01\/IMG_20191130_085521-2048x1536.jpg 2048w, https:\/\/www.danmarksgade.dk\/wp-content\/uploads\/2021\/01\/IMG_20191130_085521-530x400.jpg 530w, https:\/\/www.danmarksgade.dk\/wp-content\/uploads\/2021\/01\/IMG_20191130_085521-140x105.jpg 140w\" sizes=\"auto, (max-width: 293px) 100vw, 293px\" \/><\/figure><\/div>\n\n\n\n<div class=\"wp-block-group\"><div class=\"wp-block-group__inner-container is-layout-flow wp-block-group-is-layout-flow\">\n<figure class=\"wp-block-image size-medium is-resized\"><img loading=\"lazy\" decoding=\"async\" src=\"http:\/\/www.danmarksgade.dk\/wp-content\/uploads\/2021\/01\/IMG_20191130_085110-225x300.jpg\" alt=\"\" class=\"wp-image-94\" width=\"189\" height=\"252\" srcset=\"https:\/\/www.danmarksgade.dk\/wp-content\/uploads\/2021\/01\/IMG_20191130_085110-225x300.jpg 225w, https:\/\/www.danmarksgade.dk\/wp-content\/uploads\/2021\/01\/IMG_20191130_085110-768x1024.jpg 768w, https:\/\/www.danmarksgade.dk\/wp-content\/uploads\/2021\/01\/IMG_20191130_085110-1152x1536.jpg 1152w, https:\/\/www.danmarksgade.dk\/wp-content\/uploads\/2021\/01\/IMG_20191130_085110-1536x2048.jpg 1536w, https:\/\/www.danmarksgade.dk\/wp-content\/uploads\/2021\/01\/IMG_20191130_085110-140x187.jpg 140w, https:\/\/www.danmarksgade.dk\/wp-content\/uploads\/2021\/01\/IMG_20191130_085110-scaled.jpg 1920w\" sizes=\"auto, (max-width: 189px) 100vw, 189px\" \/><\/figure>\n<\/div><\/div>\n<\/div><\/div>\n\n\n\n<div class=\"wp-block-image\"><figure class=\"alignleft size-medium is-resized\"><img loading=\"lazy\" decoding=\"async\" src=\"http:\/\/www.danmarksgade.dk\/wp-content\/uploads\/2021\/01\/IMG_20191130_115845-225x300.jpg\" alt=\"\" class=\"wp-image-97\" width=\"222\" height=\"296\" srcset=\"https:\/\/www.danmarksgade.dk\/wp-content\/uploads\/2021\/01\/IMG_20191130_115845-225x300.jpg 225w, https:\/\/www.danmarksgade.dk\/wp-content\/uploads\/2021\/01\/IMG_20191130_115845-768x1024.jpg 768w, https:\/\/www.danmarksgade.dk\/wp-content\/uploads\/2021\/01\/IMG_20191130_115845-1152x1536.jpg 1152w, https:\/\/www.danmarksgade.dk\/wp-content\/uploads\/2021\/01\/IMG_20191130_115845-1536x2048.jpg 1536w, https:\/\/www.danmarksgade.dk\/wp-content\/uploads\/2021\/01\/IMG_20191130_115845-140x187.jpg 140w, https:\/\/www.danmarksgade.dk\/wp-content\/uploads\/2021\/01\/IMG_20191130_115845-scaled.jpg 1920w\" sizes=\"auto, (max-width: 222px) 100vw, 222px\" \/><\/figure><\/div>\n\n\n\n<div class=\"wp-block-group\"><div class=\"wp-block-group__inner-container is-layout-flow wp-block-group-is-layout-flow\">\n<div class=\"wp-block-image\"><figure class=\"alignright size-medium is-resized\"><img loading=\"lazy\" decoding=\"async\" src=\"http:\/\/www.danmarksgade.dk\/wp-content\/uploads\/2021\/01\/IMG_20191130_123105-225x300.jpg\" alt=\"\" class=\"wp-image-98\" width=\"235\" height=\"313\" srcset=\"https:\/\/www.danmarksgade.dk\/wp-content\/uploads\/2021\/01\/IMG_20191130_123105-225x300.jpg 225w, https:\/\/www.danmarksgade.dk\/wp-content\/uploads\/2021\/01\/IMG_20191130_123105-768x1024.jpg 768w, https:\/\/www.danmarksgade.dk\/wp-content\/uploads\/2021\/01\/IMG_20191130_123105-1152x1536.jpg 1152w, https:\/\/www.danmarksgade.dk\/wp-content\/uploads\/2021\/01\/IMG_20191130_123105-1536x2048.jpg 1536w, https:\/\/www.danmarksgade.dk\/wp-content\/uploads\/2021\/01\/IMG_20191130_123105-140x187.jpg 140w, https:\/\/www.danmarksgade.dk\/wp-content\/uploads\/2021\/01\/IMG_20191130_123105-scaled.jpg 1920w\" sizes=\"auto, (max-width: 235px) 100vw, 235px\" \/><\/figure><\/div>\n<\/div><\/div>\n\n\n\n<p><\/p>\n\n\n\n<figure class=\"wp-block-video\"><video controls src=\"http:\/\/www.danmarksgade.dk\/wp-content\/uploads\/2021\/01\/motorud.mp4\"><\/video><\/figure>\n\n\n\n<p><\/p>\n\n\n\n<p><\/p>\n\n\n\n<p><\/p>\n\n\n\n<p>Og efter hovedreparation bliver motoren sat i igen<\/p>\n\n\n\n<div class=\"wp-block-group\"><div class=\"wp-block-group__inner-container is-layout-flow wp-block-group-is-layout-flow\">\n<div class=\"wp-block-columns is-layout-flex wp-container-core-columns-is-layout-9d6595d7 wp-block-columns-is-layout-flex\">\n<div class=\"wp-block-column is-layout-flow wp-block-column-is-layout-flow\" style=\"flex-basis:50%\">\n<figure class=\"wp-block-image size-medium is-resized\"><img loading=\"lazy\" decoding=\"async\" src=\"http:\/\/www.danmarksgade.dk\/wp-content\/uploads\/2021\/01\/IMG_20200314_080239-300x225.jpg\" alt=\"\" class=\"wp-image-89\" width=\"273\" height=\"205\" srcset=\"https:\/\/www.danmarksgade.dk\/wp-content\/uploads\/2021\/01\/IMG_20200314_080239-300x225.jpg 300w, https:\/\/www.danmarksgade.dk\/wp-content\/uploads\/2021\/01\/IMG_20200314_080239-1024x768.jpg 1024w, https:\/\/www.danmarksgade.dk\/wp-content\/uploads\/2021\/01\/IMG_20200314_080239-768x576.jpg 768w, https:\/\/www.danmarksgade.dk\/wp-content\/uploads\/2021\/01\/IMG_20200314_080239-1536x1152.jpg 1536w, https:\/\/www.danmarksgade.dk\/wp-content\/uploads\/2021\/01\/IMG_20200314_080239-2048x1536.jpg 2048w, https:\/\/www.danmarksgade.dk\/wp-content\/uploads\/2021\/01\/IMG_20200314_080239-530x400.jpg 530w, https:\/\/www.danmarksgade.dk\/wp-content\/uploads\/2021\/01\/IMG_20200314_080239-140x105.jpg 140w\" sizes=\"auto, (max-width: 273px) 100vw, 273px\" \/><\/figure>\n<\/div>\n\n\n\n<div class=\"wp-block-column is-layout-flow wp-block-column-is-layout-flow\" style=\"flex-basis:50%\">\n<figure class=\"wp-block-image size-large is-resized\"><img loading=\"lazy\" decoding=\"async\" src=\"http:\/\/www.danmarksgade.dk\/wp-content\/uploads\/2021\/01\/IMG_20200310_162456-768x1024.jpg\" alt=\"\" class=\"wp-image-99\" width=\"152\" height=\"202\" srcset=\"https:\/\/www.danmarksgade.dk\/wp-content\/uploads\/2021\/01\/IMG_20200310_162456-768x1024.jpg 768w, https:\/\/www.danmarksgade.dk\/wp-content\/uploads\/2021\/01\/IMG_20200310_162456-225x300.jpg 225w, https:\/\/www.danmarksgade.dk\/wp-content\/uploads\/2021\/01\/IMG_20200310_162456-1152x1536.jpg 1152w, https:\/\/www.danmarksgade.dk\/wp-content\/uploads\/2021\/01\/IMG_20200310_162456-1536x2048.jpg 1536w, https:\/\/www.danmarksgade.dk\/wp-content\/uploads\/2021\/01\/IMG_20200310_162456-530x700.jpg 530w, https:\/\/www.danmarksgade.dk\/wp-content\/uploads\/2021\/01\/IMG_20200310_162456-140x187.jpg 140w, https:\/\/www.danmarksgade.dk\/wp-content\/uploads\/2021\/01\/IMG_20200310_162456-scaled.jpg 1920w\" sizes=\"auto, (max-width: 152px) 100vw, 152px\" \/><\/figure>\n\n\n\n<p><\/p>\n<\/div>\n<\/div>\n<\/div><\/div>\n\n\n\n<div class=\"wp-block-columns is-layout-flex wp-container-core-columns-is-layout-9d6595d7 wp-block-columns-is-layout-flex\">\n<div class=\"wp-block-column is-vertically-aligned-top is-layout-flow wp-block-column-is-layout-flow\" style=\"flex-basis:100%\">\n<div class=\"wp-block-group\"><div class=\"wp-block-group__inner-container is-layout-flow wp-block-group-is-layout-flow\">\n<div class=\"wp-block-columns is-layout-flex wp-container-core-columns-is-layout-9d6595d7 wp-block-columns-is-layout-flex\">\n<div class=\"wp-block-column is-layout-flow wp-block-column-is-layout-flow\" style=\"flex-basis:50%\">\n<figure class=\"wp-block-video\"><video controls src=\"http:\/\/www.danmarksgade.dk\/wp-content\/uploads\/2021\/01\/VID_20200314_082356.mp4\"><\/video><\/figure>\n<\/div>\n\n\n\n<div class=\"wp-block-column is-layout-flow wp-block-column-is-layout-flow\" style=\"flex-basis:50%\">\n<figure class=\"wp-block-video\"><video controls src=\"http:\/\/www.danmarksgade.dk\/wp-content\/uploads\/2021\/01\/VID_20200314_083222.mp4\"><\/video><\/figure>\n<\/div>\n<\/div>\n<\/div><\/div>\n<\/div>\n<\/div>\n\n\n\n<div class=\"wp-block-group\"><div class=\"wp-block-group__inner-container is-layout-flow wp-block-group-is-layout-flow\">\n<p>Som de Indviede vil kunne se, er motoren en Volvo Penta TAMD30 med 105 HK.<\/p>\n\n\n\n<p>Efter motorrenoveringen i vinteren 2019-2020, sejlede vi i hele juli m\u00e5ned 2020 i det Sydfynske \u00d8hav og omkring Als. En helt igennem meget stor oplevelse for os, der ikke havde pr\u00f8vet en hel sommerferie til s\u00f8s f\u00f8r. <\/p>\n<\/div><\/div>\n\n\n\n<figure class=\"wp-block-video\"><video controls src=\"http:\/\/www.danmarksgade.dk\/wp-content\/uploads\/2021\/01\/VID_20200314_143320.mp4\"><\/video><figcaption>Bum fint arbejde<\/figcaption><\/figure>\n\n\n\n<p><\/p>\n","protected":false},"excerpt":{"rendered":"<p>IP er vores dejlige b\u00e5d, en Nimbus 2600 fra 1985. Vi har renoveret det meste af b\u00e5den, siden vi k\u00f8bte den i 2018, alt bekl\u00e6dning er skiftet, der er sat&hellip;<\/p>\n","protected":false},"author":1,"featured_media":0,"parent":0,"menu_order":0,"comment_status":"closed","ping_status":"closed","template":"","meta":{"footnotes":""},"class_list":["post-80","page","type-page","status-publish","hentry"],"yoast_head":"<!-- This site is optimized with the Yoast SEO plugin v24.9 - https:\/\/yoast.com\/wordpress\/plugins\/seo\/ -->\n<title>Vores Nimbus 2600, og eksempel p\u00e5 renovering af denne.<\/title>\n<meta name=\"description\" content=\"P\u00e5 denne side viser jeg vores Nimbus 2600, fort\u00e6ller om hvad vi har renoveret, samt viser billeder. Siden vil udvikle sig l\u00f8bende.\" \/>\n<meta name=\"robots\" content=\"index, follow, max-snippet:-1, max-image-preview:large, max-video-preview:-1\" \/>\n<link rel=\"canonical\" href=\"http:\/\/www.danmarksgade.dk\/index.php\/vores-nimbus-2600-og-eksempel-paa-renovering-af-denne\/\" \/>\n<meta property=\"og:locale\" content=\"da_DK\" \/>\n<meta property=\"og:type\" content=\"article\" \/>\n<meta property=\"og:title\" content=\"Vores Nimbus 2600, og eksempel p\u00e5 renovering af denne.\" \/>\n<meta property=\"og:description\" content=\"P\u00e5 denne side viser jeg vores Nimbus 2600, fort\u00e6ller om hvad vi har renoveret, samt viser billeder. Siden vil udvikle sig l\u00f8bende.\" \/>\n<meta property=\"og:url\" content=\"http:\/\/www.danmarksgade.dk\/index.php\/vores-nimbus-2600-og-eksempel-paa-renovering-af-denne\/\" \/>\n<meta property=\"og:site_name\" content=\"Danmarksgade\" \/>\n<meta property=\"article:modified_time\" content=\"2021-01-17T10:22:25+00:00\" \/>\n<meta property=\"og:image\" content=\"http:\/\/www.danmarksgade.dk\/wp-content\/uploads\/2021\/01\/IMG_20200719_102745-1024x768.jpg\" \/>\n<meta name=\"twitter:card\" content=\"summary_large_image\" \/>\n<meta name=\"twitter:label1\" content=\"Estimeret l\u00e6setid\" \/>\n\t<meta name=\"twitter:data1\" content=\"2 minutter\" \/>\n<script type=\"application\/ld+json\" class=\"yoast-schema-graph\">{\"@context\":\"https:\/\/schema.org\",\"@graph\":[{\"@type\":\"WebPage\",\"@id\":\"http:\/\/www.danmarksgade.dk\/index.php\/vores-nimbus-2600-og-eksempel-paa-renovering-af-denne\/\",\"url\":\"http:\/\/www.danmarksgade.dk\/index.php\/vores-nimbus-2600-og-eksempel-paa-renovering-af-denne\/\",\"name\":\"Vores Nimbus 2600, og eksempel p\u00e5 renovering af denne.\",\"isPartOf\":{\"@id\":\"http:\/\/www.danmarksgade.dk\/#website\"},\"primaryImageOfPage\":{\"@id\":\"http:\/\/www.danmarksgade.dk\/index.php\/vores-nimbus-2600-og-eksempel-paa-renovering-af-denne\/#primaryimage\"},\"image\":{\"@id\":\"http:\/\/www.danmarksgade.dk\/index.php\/vores-nimbus-2600-og-eksempel-paa-renovering-af-denne\/#primaryimage\"},\"thumbnailUrl\":\"http:\/\/www.danmarksgade.dk\/wp-content\/uploads\/2021\/01\/IMG_20200719_102745-1024x768.jpg\",\"datePublished\":\"2021-01-12T12:42:26+00:00\",\"dateModified\":\"2021-01-17T10:22:25+00:00\",\"description\":\"P\u00e5 denne side viser jeg vores Nimbus 2600, fort\u00e6ller om hvad vi har renoveret, samt viser billeder. Siden vil udvikle sig l\u00f8bende.\",\"breadcrumb\":{\"@id\":\"http:\/\/www.danmarksgade.dk\/index.php\/vores-nimbus-2600-og-eksempel-paa-renovering-af-denne\/#breadcrumb\"},\"inLanguage\":\"da-DK\",\"potentialAction\":[{\"@type\":\"ReadAction\",\"target\":[\"http:\/\/www.danmarksgade.dk\/index.php\/vores-nimbus-2600-og-eksempel-paa-renovering-af-denne\/\"]}]},{\"@type\":\"ImageObject\",\"inLanguage\":\"da-DK\",\"@id\":\"http:\/\/www.danmarksgade.dk\/index.php\/vores-nimbus-2600-og-eksempel-paa-renovering-af-denne\/#primaryimage\",\"url\":\"http:\/\/www.danmarksgade.dk\/wp-content\/uploads\/2021\/01\/IMG_20200719_102745-1024x768.jpg\",\"contentUrl\":\"http:\/\/www.danmarksgade.dk\/wp-content\/uploads\/2021\/01\/IMG_20200719_102745-1024x768.jpg\"},{\"@type\":\"BreadcrumbList\",\"@id\":\"http:\/\/www.danmarksgade.dk\/index.php\/vores-nimbus-2600-og-eksempel-paa-renovering-af-denne\/#breadcrumb\",\"itemListElement\":[{\"@type\":\"ListItem\",\"position\":1,\"name\":\"Hjem\",\"item\":\"http:\/\/www.danmarksgade.dk\/\"},{\"@type\":\"ListItem\",\"position\":2,\"name\":\"IP\"}]},{\"@type\":\"WebSite\",\"@id\":\"http:\/\/www.danmarksgade.dk\/#website\",\"url\":\"http:\/\/www.danmarksgade.dk\/\",\"name\":\"Danmarksgade\",\"description\":\"\",\"potentialAction\":[{\"@type\":\"SearchAction\",\"target\":{\"@type\":\"EntryPoint\",\"urlTemplate\":\"http:\/\/www.danmarksgade.dk\/?s={search_term_string}\"},\"query-input\":{\"@type\":\"PropertyValueSpecification\",\"valueRequired\":true,\"valueName\":\"search_term_string\"}}],\"inLanguage\":\"da-DK\"}]}<\/script>\n<!-- \/ Yoast SEO plugin. -->","yoast_head_json":{"title":"Vores Nimbus 2600, og eksempel p\u00e5 renovering af denne.","description":"P\u00e5 denne side viser jeg vores Nimbus 2600, fort\u00e6ller om hvad vi har renoveret, samt viser billeder. Siden vil udvikle sig l\u00f8bende.","robots":{"index":"index","follow":"follow","max-snippet":"max-snippet:-1","max-image-preview":"max-image-preview:large","max-video-preview":"max-video-preview:-1"},"canonical":"http:\/\/www.danmarksgade.dk\/index.php\/vores-nimbus-2600-og-eksempel-paa-renovering-af-denne\/","og_locale":"da_DK","og_type":"article","og_title":"Vores Nimbus 2600, og eksempel p\u00e5 renovering af denne.","og_description":"P\u00e5 denne side viser jeg vores Nimbus 2600, fort\u00e6ller om hvad vi har renoveret, samt viser billeder. Siden vil udvikle sig l\u00f8bende.","og_url":"http:\/\/www.danmarksgade.dk\/index.php\/vores-nimbus-2600-og-eksempel-paa-renovering-af-denne\/","og_site_name":"Danmarksgade","article_modified_time":"2021-01-17T10:22:25+00:00","og_image":[{"url":"http:\/\/www.danmarksgade.dk\/wp-content\/uploads\/2021\/01\/IMG_20200719_102745-1024x768.jpg","type":"","width":"","height":""}],"twitter_card":"summary_large_image","twitter_misc":{"Estimeret l\u00e6setid":"2 minutter"},"schema":{"@context":"https:\/\/schema.org","@graph":[{"@type":"WebPage","@id":"http:\/\/www.danmarksgade.dk\/index.php\/vores-nimbus-2600-og-eksempel-paa-renovering-af-denne\/","url":"http:\/\/www.danmarksgade.dk\/index.php\/vores-nimbus-2600-og-eksempel-paa-renovering-af-denne\/","name":"Vores Nimbus 2600, og eksempel p\u00e5 renovering af denne.","isPartOf":{"@id":"http:\/\/www.danmarksgade.dk\/#website"},"primaryImageOfPage":{"@id":"http:\/\/www.danmarksgade.dk\/index.php\/vores-nimbus-2600-og-eksempel-paa-renovering-af-denne\/#primaryimage"},"image":{"@id":"http:\/\/www.danmarksgade.dk\/index.php\/vores-nimbus-2600-og-eksempel-paa-renovering-af-denne\/#primaryimage"},"thumbnailUrl":"http:\/\/www.danmarksgade.dk\/wp-content\/uploads\/2021\/01\/IMG_20200719_102745-1024x768.jpg","datePublished":"2021-01-12T12:42:26+00:00","dateModified":"2021-01-17T10:22:25+00:00","description":"P\u00e5 denne side viser jeg vores Nimbus 2600, fort\u00e6ller om hvad vi har renoveret, samt viser billeder. Siden vil udvikle sig l\u00f8bende.","breadcrumb":{"@id":"http:\/\/www.danmarksgade.dk\/index.php\/vores-nimbus-2600-og-eksempel-paa-renovering-af-denne\/#breadcrumb"},"inLanguage":"da-DK","potentialAction":[{"@type":"ReadAction","target":["http:\/\/www.danmarksgade.dk\/index.php\/vores-nimbus-2600-og-eksempel-paa-renovering-af-denne\/"]}]},{"@type":"ImageObject","inLanguage":"da-DK","@id":"http:\/\/www.danmarksgade.dk\/index.php\/vores-nimbus-2600-og-eksempel-paa-renovering-af-denne\/#primaryimage","url":"http:\/\/www.danmarksgade.dk\/wp-content\/uploads\/2021\/01\/IMG_20200719_102745-1024x768.jpg","contentUrl":"http:\/\/www.danmarksgade.dk\/wp-content\/uploads\/2021\/01\/IMG_20200719_102745-1024x768.jpg"},{"@type":"BreadcrumbList","@id":"http:\/\/www.danmarksgade.dk\/index.php\/vores-nimbus-2600-og-eksempel-paa-renovering-af-denne\/#breadcrumb","itemListElement":[{"@type":"ListItem","position":1,"name":"Hjem","item":"http:\/\/www.danmarksgade.dk\/"},{"@type":"ListItem","position":2,"name":"IP"}]},{"@type":"WebSite","@id":"http:\/\/www.danmarksgade.dk\/#website","url":"http:\/\/www.danmarksgade.dk\/","name":"Danmarksgade","description":"","potentialAction":[{"@type":"SearchAction","target":{"@type":"EntryPoint","urlTemplate":"http:\/\/www.danmarksgade.dk\/?s={search_term_string}"},"query-input":{"@type":"PropertyValueSpecification","valueRequired":true,"valueName":"search_term_string"}}],"inLanguage":"da-DK"}]}},"_links":{"self":[{"href":"https:\/\/www.danmarksgade.dk\/index.php\/wp-json\/wp\/v2\/pages\/80","targetHints":{"allow":["GET"]}}],"collection":[{"href":"https:\/\/www.danmarksgade.dk\/index.php\/wp-json\/wp\/v2\/pages"}],"about":[{"href":"https:\/\/www.danmarksgade.dk\/index.php\/wp-json\/wp\/v2\/types\/page"}],"author":[{"embeddable":true,"href":"https:\/\/www.danmarksgade.dk\/index.php\/wp-json\/wp\/v2\/users\/1"}],"replies":[{"embeddable":true,"href":"https:\/\/www.danmarksgade.dk\/index.php\/wp-json\/wp\/v2\/comments?post=80"}],"version-history":[{"count":23,"href":"https:\/\/www.danmarksgade.dk\/index.php\/wp-json\/wp\/v2\/pages\/80\/revisions"}],"predecessor-version":[{"id":151,"href":"https:\/\/www.danmarksgade.dk\/index.php\/wp-json\/wp\/v2\/pages\/80\/revisions\/151"}],"wp:attachment":[{"href":"https:\/\/www.danmarksgade.dk\/index.php\/wp-json\/wp\/v2\/media?parent=80"}],"curies":[{"name":"wp","href":"https:\/\/api.w.org\/{rel}","templated":true}]}}